{"id":3929,"date":"2019-03-04T11:28:09","date_gmt":"2019-03-04T14:28:09","guid":{"rendered":"http:\/\/unimestre.com\/basedeconhecimento\/?page_id=3929"},"modified":"2021-08-05T13:44:14","modified_gmt":"2021-08-05T16:44:14","slug":"aplicativo","status":"publish","type":"page","link":"https:\/\/unimestresuperior.com\/basedeconhecimento\/aplicativo\/","title":{"rendered":"Aplicativo"},"content":{"rendered":"<p>Trilha de implanta\u00e7\u00e3o:<\/p>\n<ol>\n<li>Apresenta\u00e7\u00e3o do ambiente administrativo do m\u00f3dulo<\/li>\n<li>Libera\u00e7\u00e3o da licen\u00e7a de uso na base de dados do cliente<\/li>\n<li>Ajuste de permiss\u00f5es dos usu\u00e1rios<\/li>\n<li>Ajuste de menus de acesso<\/li>\n<li>Libera\u00e7\u00e3o de uso e d\u00favidas t\u00e9cnicas<\/li>\n<li>Testes pr\u00e9-libera\u00e7\u00e3o<\/li>\n<li>Divulga\u00e7\u00e3o aos estudantes e respons\u00e1veis<\/li>\n<\/ol>\n<p>&nbsp;<\/p>\n<h2>Apresenta\u00e7\u00e3o do ambiente administrativo do m\u00f3dulo<\/h2>\n<p>Vamos come\u00e7ar o processo de implanta\u00e7\u00e3o, lhe apresentando o ambiente utilizado pela \u00e1rea administrativa do aplicativo. Em breve voc\u00ea ter\u00e1 acesso a esse ambiente, mas antes disso, \u00e9 fundamental que voc\u00ea conhe\u00e7a todas as caracter\u00edsticas de utiliza\u00e7\u00e3o.<\/p>\n<p>Recomendamos a leitura completa destes materiais:<\/p>\n<ol>\n<li><a href=\"http:\/\/unimestre.com\/basedeconhecimento\/aplicativo-como-definir-a-logomarca-e-o-tema-que-serao-usados\/\" target=\"_blank\" rel=\"noopener noreferrer\">Personaliza\u00e7\u00e3o de Layout\/Tema<\/a><\/li>\n<li><a href=\"http:\/\/unimestre.com\/basedeconhecimento\/como-definir-quem-pode-acessar-o-aplicativo\/\" target=\"_blank\" rel=\"noopener noreferrer\">Definindo perfis de acessos ao aplicativo<\/a><\/li>\n<li><a href=\"http:\/\/unimestre.com\/basedeconhecimento\/defina-quais-menus-os-usuarios-visualizarao-no-aplicativo\/\" target=\"_blank\" rel=\"noopener noreferrer\">Habilitando os menus do aplicativo<\/a><\/li>\n<li><a href=\"http:\/\/unimestre.com\/basedeconhecimento\/como-verificar-a-integracao-com-o-aplicativo\/\" target=\"_blank\" rel=\"noopener noreferrer\">Como funciona a integra\u00e7\u00e3o das informa\u00e7\u00f5es<\/a><\/li>\n<\/ol>\n<p>&nbsp;<\/p>\n<h3>Libera\u00e7\u00e3o da Licen\u00e7a de Uso<\/h3>\n<p>Nesta etapa a nossa equipe t\u00e9cnica acessar\u00e1 o banco de dados da sua institui\u00e7\u00e3o e informar\u00e1 a chave da licen\u00e7a de uso, permitindo que a vossa escola\/faculdade possa utilizar o aplicativo.<\/p>\n<p>Essa libera\u00e7\u00e3o \u00e9 feita, normalmente, ap\u00f3s o cliente registrar que leu as postagens apresentadas anteriormente e que est\u00e1 ciente da forma de gest\u00e3o e uso do ambiente administrativo. Informe o consultor t\u00e9cnico que lhe contatou originalmente, e aguarde a confirma\u00e7\u00e3o de libera\u00e7\u00e3o da licen\u00e7a de uso.<\/p>\n<p>Caso voc\u00ea j\u00e1 tenha sido informado que o m\u00f3dulo foi habilitado, ent\u00e3o, prossiga para as pr\u00f3ximas etapas.<\/p>\n<p>&nbsp;<\/p>\n<h3>Permiss\u00f5es dos usu\u00e1rios<\/h3>\n<p>Agora que a licen\u00e7a de uso j\u00e1 foi liberada, \u00e9 necess\u00e1rio atribuir permiss\u00f5es aos usu\u00e1rios.<\/p>\n<p>Acesse a <strong>tela de controle de permiss\u00f5es<\/strong>, e no <strong>m\u00f3dulo Aplicativo<\/strong>, siga estas orienta\u00e7\u00f5es:<\/p>\n<ul>\n<li>Grupo Administradores: atribuir TODAS as permiss\u00f5es<\/li>\n<li>Grupo Administradores da Institui\u00e7\u00e3o: atribuir TODAS as permiss\u00f5es<\/li>\n<li>Demais grupos que devem ter acesso TOTAL \u00e0 gest\u00e3o do aplicativo: atribuir todas as permiss\u00f5es<\/li>\n<\/ul>\n<p>O acesso de permiss\u00f5es ao aplicativo deve ser liberado exclusivamente para os usu\u00e1rios que far\u00e3o a administra\u00e7\u00e3o do m\u00f3dulo.<\/p>\n<p>Os grupos de ESTUDANTES e RESPONS\u00c1VEIS j\u00e1 possuem as permiss\u00f5es criadas nativamente, considerando que o aplicativo foi desenvolvido para o acesso destas pessoas.<\/p>\n<p>&nbsp;<\/p>\n<h3>Menus dos Usu\u00e1rios<\/h3>\n<p>A licen\u00e7a de uso foi liberada e os grupos de usu\u00e1rios administrativos possuem as permiss\u00f5es de acesso. Agora, \u00e9 necess\u00e1rio definir os menus de navega\u00e7\u00e3o para chegar ao painel administrativo do m\u00f3dulo.<\/p>\n<p>Acesse o Painel de Controle do ambiente On-Line, e navegue at\u00e9 o cadastro de MENUS.<\/p>\n<p>Clique para inserir um novo MENU, defina o &#8220;Nome de Menu&#8221; e &#8220;ordem&#8221; desejados pela sua institui\u00e7\u00e3o (sugest\u00e3o de nome de menu: &#8220;Aplicativo&#8221;).<\/p>\n<p>&nbsp;<\/p>\n<p>Cadastro de menus:<\/p>\n<ul>\n<li>URL: &#8220;..\/..\/projetos\/aplicativo_movel\/administracao_aplicativo.php?&amp;tid=0&amp;lid=0&#8221;\n<ul>\n<li>Grupos de usu\u00e1rios:<br \/>\nAdministrador<br \/>\nAdministradores da institui\u00e7\u00e3o<br \/>\nDemais grupos de usu\u00e1rios que devem acessar a administra\u00e7\u00e3o deste m\u00f3dulo<\/li>\n<\/ul>\n<\/li>\n<li>URL: &#8220;..\/..\/projetos\/aplicativo_movel\/qr_code.php?tid=0&amp;lid=0&#8221;\n<ul>\n<li>Grupos de usu\u00e1rios:<br \/>\nEstudantes<br \/>\nRespons\u00e1veis<br \/>\nRespons\u00e1veis Acad\u00eamicos<br \/>\nRespons\u00e1veis Financeiros<\/li>\n<\/ul>\n<\/li>\n<\/ul>\n<p>A ATIVA\u00c7\u00c3O dos menus aos estudantes e respons\u00e1veis deve ser feita apenas ap\u00f3s a finaliza\u00e7\u00e3o dos seus testes (no decorrer desta implanta\u00e7\u00e3o). Por\u00e9m, a cria\u00e7\u00e3o j\u00e1 pode ser feita para otimizar as atividades futuras.<\/p>\n<p>&nbsp;<\/p>\n<h3>Libera\u00e7\u00e3o de uso e d\u00favidas t\u00e9cnicas<\/h3>\n<p>Chegou a hora de utilizar a \u00e1rea administrativa do aplicativo.<\/p>\n<p>Agora que a licen\u00e7a foi liberada, as permiss\u00f5es foram criadas, e os menus foram criados, lhe orientamos a:<\/p>\n<ol>\n<li>Definir o tema de uso do aplicativo e enviar a sua logomarca<\/li>\n<li>Definir os perfis de turmas<\/li>\n<li>Habilitar os menus de utiliza\u00e7\u00e3o<\/li>\n<\/ol>\n<p>Ap\u00f3s a finaliza\u00e7\u00e3o destas atividades, comunique ao consultor t\u00e9cnico que est\u00e1 lhe atendendo. A nossa equipe far\u00e1:<\/p>\n<ul>\n<li>A valida\u00e7\u00e3o das configura\u00e7\u00f5es feitas pela sua institui\u00e7\u00e3o<\/li>\n<li>Habilitar\u00e1 a primeira integra\u00e7\u00e3o<\/li>\n<li>Lhe retornar\u00e1, comunicando que est\u00e1 tudo finalizado<\/li>\n<\/ul>\n<p>Ap\u00f3s isso, voc\u00ea poder\u00e1 fazer um teste de utiliza\u00e7\u00e3o como estudante.<\/p>\n<p>&nbsp;<\/p>\n<p>Aproveite esta oportunidade para interagir com o consultor t\u00e9cnico que estiver lhe atendendo nesta implanta\u00e7\u00e3o, para sanar as suas d\u00favidas.<\/p>\n<p>&nbsp;<\/p>\n<h3>Testando o acesso<\/h3>\n<p>Para testar:<\/p>\n<ol>\n<li>Baixe o aplicativo UNIMESTRE em seu smartphone<\/li>\n<li>Utilize a op\u00e7\u00e3o de login por QR Code<\/li>\n<\/ol>\n<p>A leitura do login por QR Code, pode ser obtida na tela de acesso dos estudantes. Para isso, habilite o menu criado anteriormente, fa\u00e7a o login no portal on-line como um estudante, e fa\u00e7a a leitura do QR Code (desabilite o menu logo depois, caso voc\u00ea ainda queira fazer outros testes antes da libera\u00e7\u00e3o oficial).<\/p>\n<p>&nbsp;<\/p>\n<p>Acesse, navegue, veja as informa\u00e7\u00f5es. Se estiver tudo certo, ent\u00e3o, estamos prontos para liberar o aplicativo.<\/p>\n<p>&nbsp;<\/p>\n<h3>Divulga\u00e7\u00e3o aos estudantes e respons\u00e1veis<\/h3>\n<p>Agora que est\u00e1 tudo pronto, chegou a hora de liberar o acesso aos estudantes e respons\u00e1veis. Para isso, temos algumas dicas:<\/p>\n<p>&nbsp;<\/p>\n<h3>MENU NO SISTEMA:<\/h3>\n<p>Lembra do menu que n\u00f3s criamos mais cedo, e estava inativado? Chegou a hora de marcar a op\u00e7\u00e3o como ATIVADA.<\/p>\n<p>&nbsp;<\/p>\n<h3>DASHBOARD<\/h3>\n<p>Outra op\u00e7\u00e3o para chamar a aten\u00e7\u00e3o dos usu\u00e1rios, \u00e9 mostrar no dashboard do Portal On-Line essa informa\u00e7\u00e3o.<\/p>\n<p><img decoding=\"async\" loading=\"lazy\" class=\"aligncenter size-full wp-image-3945\" src=\"http:\/\/unimestre.com\/basedeconhecimento\/wp-content\/uploads\/2019\/03\/app_qrcode.png\" alt=\"\" width=\"488\" height=\"362\" srcset=\"https:\/\/unimestresuperior.com\/basedeconhecimento\/wp-content\/uploads\/2019\/03\/app_qrcode.png 488w, https:\/\/unimestresuperior.com\/basedeconhecimento\/wp-content\/uploads\/2019\/03\/app_qrcode-300x223.png 300w\" sizes=\"(max-width: 488px) 100vw, 488px\" \/><\/p>\n<p>Veja como habilitar esta op\u00e7\u00e3o, <a href=\"http:\/\/unimestre.com\/basedeconhecimento\/habilite-o-acesso-ao-aplicativo-no-dashboard-dos-estudantes\/\" target=\"_blank\" rel=\"noopener noreferrer\">nesta postagem<\/a>.<\/p>\n<p>&nbsp;<\/p>\n<h3>Recados e E-mails<\/h3>\n<p>Compartilhe essa informa\u00e7\u00e3o com a sua comunidade acad\u00eamica, envie recados e e-mails pelo pr\u00f3prio Unimestre. Oriente os seus estudantes e os respons\u00e1veis a conhecerem mais sobre o aplicativo.<\/p>\n<p>&nbsp;<\/p>\n<h3>Divulga\u00e7\u00e3o institucional<\/h3>\n<p>Explore tamb\u00e9m murais da sua institui\u00e7\u00e3o, ou crie uma not\u00edcia no seu site. Atraia a sua comunidade acad\u00eamica \u00e0 utilizar deste recurso.<\/p>\n<blockquote><p>Pronto!<\/p>\n<p>Se voc\u00ea chegou neste ponto e realizou todas as atividades acima, significa que voc\u00ea concluiu a atividade de implanta\u00e7\u00e3o do Aplicativo do Unimestre.<\/p><\/blockquote>\n<p>A partir deste ponto, caso necess\u00e1rio, interaja com a nossa equipe de atendimento pelo UniSAC.<\/p>\n<p>Esperamos que voc\u00ea tenha uma \u00f3tima experi\u00eancia com o aplicativo do Unimestre. Abra\u00e7os!<\/p>\n","protected":false},"excerpt":{"rendered":"<p>Trilha de implanta\u00e7\u00e3o: Apresenta\u00e7\u00e3o do ambiente administrativo do m\u00f3dulo Libera\u00e7\u00e3o da licen\u00e7a de uso na base de dados do cliente Ajuste de permiss\u00f5es dos usu\u00e1rios Ajuste de menus de acesso Libera\u00e7\u00e3o de uso e d\u00favidas t\u00e9cnicas Testes pr\u00e9-libera\u00e7\u00e3o Divulga\u00e7\u00e3o aos estudantes e respons\u00e1veis &nbsp; Apresenta\u00e7\u00e3o do ambiente administrativo do m\u00f3dulo Vamos come\u00e7ar o processo de [&hellip;]<\/p>\n","protected":false},"author":1,"featured_media":1757,"parent":0,"menu_order":0,"comment_status":"closed","ping_status":"closed","template":"","meta":[],"_links":{"self":[{"href":"https:\/\/unimestresuperior.com\/basedeconhecimento\/wp-json\/wp\/v2\/pages\/3929"}],"collection":[{"href":"https:\/\/unimestresuperior.com\/basedeconhecimento\/wp-json\/wp\/v2\/pages"}],"about":[{"href":"https:\/\/unimestresuperior.com\/basedeconhecimento\/wp-json\/wp\/v2\/types\/page"}],"author":[{"embeddable":true,"href":"https:\/\/unimestresuperior.com\/basedeconhecimento\/wp-json\/wp\/v2\/users\/1"}],"replies":[{"embeddable":true,"href":"https:\/\/unimestresuperior.com\/basedeconhecimento\/wp-json\/wp\/v2\/comments?post=3929"}],"version-history":[{"count":19,"href":"https:\/\/unimestresuperior.com\/basedeconhecimento\/wp-json\/wp\/v2\/pages\/3929\/revisions"}],"predecessor-version":[{"id":9411,"href":"https:\/\/unimestresuperior.com\/basedeconhecimento\/wp-json\/wp\/v2\/pages\/3929\/revisions\/9411"}],"wp:featuredmedia":[{"embeddable":true,"href":"https:\/\/unimestresuperior.com\/basedeconhecimento\/wp-json\/wp\/v2\/media\/1757"}],"wp:attachment":[{"href":"https:\/\/unimestresuperior.com\/basedeconhecimento\/wp-json\/wp\/v2\/media?parent=3929"}],"curies":[{"name":"wp","href":"https:\/\/api.w.org\/{rel}","templated":true}]}}